{"id":363,"date":"2012-02-14T14:21:19","date_gmt":"2012-02-14T14:21:19","guid":{"rendered":"http:\/\/oberbilk.com\/?page_id=363"},"modified":"2012-02-14T14:28:21","modified_gmt":"2012-02-14T14:28:21","slug":"impressum","status":"publish","type":"page","link":"https:\/\/oberbilk.com\/?page_id=363","title":{"rendered":"Impressum"},"content":{"rendered":"<p>\t<title><![CDATA[JELEN PHOTOGRAPHY<br \/>Impressum]]><\/title><br \/>\n\t<text><![CDATA[<font color=\"#727272\"><font color=\"#ffffff\">Patrick Jelen<br \/>Lessingstr. 55<br \/>40227 D\u00fcsseldorf\n\ne-Mail: info@patrickjelen.com<br \/>www.patrickjelen.de\n\n<\/font>Inhaltlich Verantwortlicher gem\u00e4\u00df \u00a7 10 Abs.3 MDStV<br \/>Patrick Jelen\n\nUmsatzsteuer-Identifikationsnr. gem\u00e4\u00df \u00a727a UStG<br \/>Ust-Ident. Nr.: DE 177880472\n\n<br \/><font color=\"#ffffff\">\u00a9 Copyright 2010<\/font><br \/>Die auf dieser Website wiedergegebenen Texte, Bilder und audiovisuellen Inhalte sowie das Layout und Design der Website sind urheberrechtlich gesch\u00fctzt und d\u00fcrfen ohne vorherige Zustimmung des Rechteinhabers nicht zu anderen als rein privaten Zwecken verwendet werden. Insbesondere ist eine \u00f6ffentliche Wiedergabe oder Ver\u00e4nderung der Inhalte unzul\u00e4ssig.\n\n<font color=\"#ffffff\">Haftungshinweis<\/font><br \/>Patrick Jelen distanziert sich trotz sorgf\u00e4ltiger inhaltlicher Kontrolle ausdr\u00fccklich von s\u00e4mtlichen Inhalten aller auf der Website verlinkten fremden Seiten. F\u00fcr den Inhalt der verlinkten Seiten sind ausschlie\u00dflich deren Betreiber verantwortlich. Diese Erkl\u00e4rung gilt f\u00fcr alle vorhandenen fremden Links auf der Website von Patrick Jelen.<br \/><\/font>]]><\/text><br \/>\n<\/long_text><\/p>\n","protected":false},"excerpt":{"rendered":"<p>Impressum]]&gt; Patrick JelenLessingstr. 5540227 D\u00fcsseldorf e-Mail: info@patrickjelen.comwww.patrickjelen.de Inhaltlich Verantwortlicher gem\u00e4\u00df \u00a7 10 Abs.3 MDStVPatrick Jelen Umsatzsteuer-Identifikationsnr. gem\u00e4\u00df \u00a727a UStGUst-Ident. Nr.: DE 177880472 \u00a9 Copyright 2010Die auf dieser Website wiedergegebenen Texte, Bilder und audiovisuellen Inhalte sowie das Layout und Design der Website sind urheberrechtlich gesch\u00fctzt und d\u00fcrfen ohne vorherige Zustimmung des Rechteinhabers nicht zu anderen als rein privaten Zwecken verwendet werden. Insbesondere ist eine \u00f6ffentliche Wiedergabe oder Ver\u00e4nderung der Inhalte unzul\u00e4ssig. HaftungshinweisPatrick Jelen distanziert sich trotz sorgf\u00e4ltiger inhaltlicher Kontrolle ausdr\u00fccklich von s\u00e4mtlichen Inhalten aller auf der Website verlinkten fremden Seiten. F\u00fcr den Inhalt der verlinkten Seiten sind ausschlie\u00dflich deren Betreiber verantwortlich. Diese Erkl\u00e4rung gilt f\u00fcr alle vorhandenen fremden Links auf der [&hellip;]<\/p>\n","protected":false},"author":1,"featured_media":0,"parent":0,"menu_order":0,"comment_status":"open","ping_status":"open","template":"","meta":{"footnotes":""},"_links":{"self":[{"href":"https:\/\/oberbilk.com\/index.php?rest_route=\/wp\/v2\/pages\/363"}],"collection":[{"href":"https:\/\/oberbilk.com\/index.php?rest_route=\/wp\/v2\/pages"}],"about":[{"href":"https:\/\/oberbilk.com\/index.php?rest_route=\/wp\/v2\/types\/page"}],"author":[{"embeddable":true,"href":"https:\/\/oberbilk.com\/index.php?rest_route=\/wp\/v2\/users\/1"}],"replies":[{"embeddable":true,"href":"https:\/\/oberbilk.com\/index.php?rest_route=%2Fwp%2Fv2%2Fcomments&post=363"}],"version-history":[{"count":6,"href":"https:\/\/oberbilk.com\/index.php?rest_route=\/wp\/v2\/pages\/363\/revisions"}],"predecessor-version":[{"id":368,"href":"https:\/\/oberbilk.com\/index.php?rest_route=\/wp\/v2\/pages\/363\/revisions\/368"}],"wp:attachment":[{"href":"https:\/\/oberbilk.com\/index.php?rest_route=%2Fwp%2Fv2%2Fmedia&parent=363"}],"curies":[{"name":"wp","href":"https:\/\/api.w.org\/{rel}","templated":true}]}}